{"id":2875,"date":"2022-03-08T09:56:15","date_gmt":"2022-03-08T08:56:15","guid":{"rendered":"https:\/\/www.bianca-vrabec.at\/cms\/?page_id=2875"},"modified":"2022-08-17T20:17:12","modified_gmt":"2022-08-17T18:17:12","slug":"visagistik","status":"publish","type":"page","link":"https:\/\/www.bianca-vrabec.at\/cms\/visagistik\/","title":{"rendered":"Visagistik"},"content":{"rendered":"\t\t<div data-elementor-type=\"wp-page\" data-elementor-id=\"2875\" class=\"elementor elementor-2875\">\n\t\t\t\t\t\t<section class=\"elementor-section elementor-top-section elementor-element elementor-element-f60a06a elementor-section-boxed elementor-section-height-default elementor-section-height-default\" data-id=\"f60a06a\" data-element_type=\"section\">\r\n\t\t\t\t\t\t<div class=\"elementor-container elementor-column-gap-thegem\"><div class=\"elementor-row\">\r\n\t\t\t\t\t<div class=\"elementor-column elementor-col-100 elementor-top-column elementor-element elementor-element-b72f717\" data-id=\"b72f717\" data-element_type=\"column\">\n\t\t\t<div class=\"elementor-widget-wrap elementor-element-populated\">\n\t\t\t\t\t\t<div class=\"elementor-element elementor-element-2d5003d flex-horizontal-align-default flex-horizontal-align-tablet-default flex-horizontal-align-mobile-default flex-vertical-align-default flex-vertical-align-tablet-default flex-vertical-align-mobile-default elementor-widget elementor-widget-image\" data-id=\"2d5003d\" data-element_type=\"widget\" data-widget_type=\"image.default\">\n\t\t\t\t<div class=\"elementor-widget-container\">\n\t\t\t\t\t\t\t\t\t\t\t\t\t\t\t<img width=\"768\" height=\"277\" src=\"https:\/\/www.bianca-vrabec.at\/cms\/wp-content\/uploads\/2022\/03\/Logo_Nouba-768x277.jpg\" class=\"attachment-medium_large size-medium_large wp-image-2975\" alt=\"Logo Nouba\" srcset=\"https:\/\/www.bianca-vrabec.at\/cms\/wp-content\/uploads\/2022\/03\/Logo_Nouba-768x277.jpg 768w, https:\/\/www.bianca-vrabec.at\/cms\/wp-content\/uploads\/2022\/03\/Logo_Nouba-300x108.jpg 300w, https:\/\/www.bianca-vrabec.at\/cms\/wp-content\/uploads\/2022\/03\/Logo_Nouba-1024x369.jpg 1024w, https:\/\/www.bianca-vrabec.at\/cms\/wp-content\/uploads\/2022\/03\/Logo_Nouba-1536x554.jpg 1536w, https:\/\/www.bianca-vrabec.at\/cms\/wp-content\/uploads\/2022\/03\/Logo_Nouba-2048x738.jpg 2048w\" sizes=\"(max-width: 768px) 100vw, 768px\" \/>\t\t\t\t\t\t\t\t\t\t\t\t\t\t\t<\/div>\n\t\t\t\t<\/div>\n\t\t\t\t<div class=\"elementor-element elementor-element-8d5858b elementor-widget__width-initial flex-horizontal-align-default flex-horizontal-align-tablet-default flex-horizontal-align-mobile-default flex-vertical-align-default flex-vertical-align-tablet-default flex-vertical-align-mobile-default elementor-widget elementor-widget-text-editor\" data-id=\"8d5858b\" data-element_type=\"widget\" data-widget_type=\"text-editor.default\">\n\t\t\t\t<div class=\"elementor-widget-container\">\n\t\t\t\t\t\t\t\t\t\t\t\t<div class=\"elementor-text-editor elementor-clearfix\">\r\n\t\t\t\t\t\t<p>Ich arbeite mit der italienischen Kosmetik-Marke &#8222;Nouba&#8220; zusammen welche sich mit einer besonders hohen Vertr\u00e4glichkeit auszeichnet und \u00fcber wertvolle Inhaltsstoffe verf\u00fcgt.<\/p><p>Wenn du mehr \u00fcber Nouba wissen m\u00f6chtest, findest du nachfolgend einige Infos &#8211; viel Spa\u00df! \ud83d\ude42<\/p>\t\t\t\t\t\t\t<\/div>\r\n\t\t\t\t\t\t\t\t\t\t<\/div>\n\t\t\t\t<\/div>\n\t\t\t\t\t<\/div>\n\t\t<\/div>\n\t\t\t\t\t<\/div><\/div>\r\n\t\t<\/section>\r\n\t\t\t\t<section class=\"elementor-section elementor-top-section elementor-element elementor-element-46f42c9 elementor-section-boxed elementor-section-height-default elementor-section-height-default\" data-id=\"46f42c9\" data-element_type=\"section\">\r\n\t\t\t\t\t\t<div class=\"elementor-container elementor-column-gap-thegem\"><div class=\"elementor-row\">\r\n\t\t\t\t\t<div class=\"elementor-column elementor-col-66 elementor-top-column elementor-element elementor-element-07dde79\" data-id=\"07dde79\" data-element_type=\"column\">\n\t\t\t<div class=\"elementor-widget-wrap elementor-element-populated\">\n\t\t\t\t\t\t<div class=\"elementor-element elementor-element-e938285 flex-horizontal-align-default flex-horizontal-align-tablet-default flex-horizontal-align-mobile-default flex-vertical-align-default flex-vertical-align-tablet-default flex-vertical-align-mobile-default elementor-widget elementor-widget-thegem-accordion\" data-id=\"e938285\" data-element_type=\"widget\" data-settings=\"{&quot;thegem_elementor_preset&quot;:&quot;classic&quot;,&quot;title_position&quot;:&quot;left&quot;}\" data-widget_type=\"thegem-accordion.default\">\n\t\t\t\t<div class=\"elementor-widget-container\">\n\t\t\t\t\t\n\t\t<div class=\"gem-tta-container\" data-vc-action=\"collapse\">\n\t\t\t<div class=\"gem-tta-general gem-tta gem-tta-accordion gem-tta-color-thegem gem-tta-style-classic gem-tta-shape-rounded gem-tta-o-shape-group gem-tta-controls-align-left\">\n\t\t\t\t<div class=\"gem-tta-panels-container\">\n\t\t\t\t\t<div class=\"gem-tta-panels\">\n\t\t\t\t\t\t\n\t\t\t\t\t\t\t<div id=\"section-e938285-1\" class=\"gem-tta-panel gem-tta-active\" data-vc-content=\".gem-tta-panel-body\">\n\t\t\t\t\t\t\t\t<div class=\"gem-tta-panel-heading\">\n\t\t\t\t\t\t\t\t\t<h4 class=\"gem-tta-panel-title gem-tta-controls-icon-position-left\">\n\t\t\t\t\t\t\t\t\t\t<a href=\"#section-e938285-1\" data-vc-accordion data-vc-container=\".gem-tta-container\">\n\n\t\t\t\t\t\t\t\t\t\t\t\t\t\t\t\t\t\t\t\t\t\t\t<span class=\"gem-tta-icon gem-tta-icon-left\">\n\t\t\t\t\t\t\t\t\t\t\t\t    <i aria-hidden=\"true\" class=\"fas fa-heart\"><\/i>\t\t\t\t\t\t\t\t\t\t\t\t<\/span>\n\t\t\t\t\t\t\t\t\t\t\t\n\t\t\t\t\t\t\t\t\t\t\t<span class=\"gem-tta-title-text\">\n\t\t\t\t\t\t\t\t\t\t\t\tWas ist Nouba?\t\t\t\t\t\t\t\t\t\t\t<\/span>\n\n\t\t\t\t\t\t\t\t\t\t\t\n\t\t\t\t\t\t\t\t\t\t\t<span class=\"gem-tta-controls-icon gem-tta-controls-icon-opened\">\n\t\t\t\t\t\t\t\t\t\t\t\t<i aria-hidden=\"true\" class=\"fas fa-minus\"><\/i>\t\t\t\t\t\t\t\t\t\t\t<\/span>\n\t\t\t\t\t\t\t\t\t\t\t<span class=\"gem-tta-controls-icon gem-tta-controls-icon-closed\">\n\t\t\t\t\t\t\t\t\t\t\t\t<i aria-hidden=\"true\" class=\"fas fa-plus\"><\/i>\t\t\t\t\t\t\t\t\t\t\t<\/span>\n\t\t\t\t\t\t\t\t\t\t<\/a>\n\t\t\t\t\t\t\t\t\t<\/h4>\n\t\t\t\t\t\t\t\t<\/div>\n\t\t\t\t\t\t\t\t<div class=\"gem-tta-panel-body\">\n\t\t\t\t\t\t\t\t\t\t\t<div class=\"gem-text-output\"><p><strong>NOUBA:<\/strong> ein faszinierender Name \u2013 ein Tribut an die Nubier, das antike afrikanische Volk das sich durch seine fantastischen K\u00f6rperbemalungen auszeichnet, lebendige Kunstwerke die das Leben und die Kraft der Sch\u00f6nheit feiern.<br \/><br \/><strong>NOUBA<\/strong> kreierte von Beginn an einzigartige Produkte die sich zu wahren Ikonen entwickelten, wie z.B. das lose Erdpuder im Tont\u00f6pfchen, das von Nouba 1980 erfunden<br \/>wurde und zum erfolgreichsten Produkt des Jahrzehnts avancierte.<\/p><\/div>\t\t\t\t\t\t\t\t\t\t<\/div>\n\t\t\t\t\t\t\t\t\t<\/div>\n\t\t\t\t\t\t\n\t\t\t\t\t\t\t<div id=\"section-e938285-2\" class=\"gem-tta-panel \" data-vc-content=\".gem-tta-panel-body\">\n\t\t\t\t\t\t\t\t<div class=\"gem-tta-panel-heading\">\n\t\t\t\t\t\t\t\t\t<h4 class=\"gem-tta-panel-title gem-tta-controls-icon-position-left\">\n\t\t\t\t\t\t\t\t\t\t<a href=\"#section-e938285-2\" data-vc-accordion data-vc-container=\".gem-tta-container\">\n\n\t\t\t\t\t\t\t\t\t\t\t\t\t\t\t\t\t\t\t\t\t\t\t<span class=\"gem-tta-icon gem-tta-icon-left\">\n\t\t\t\t\t\t\t\t\t\t\t\t    <i aria-hidden=\"true\" class=\"fas fa-heart\"><\/i>\t\t\t\t\t\t\t\t\t\t\t\t<\/span>\n\t\t\t\t\t\t\t\t\t\t\t\n\t\t\t\t\t\t\t\t\t\t\t<span class=\"gem-tta-title-text\">\n\t\t\t\t\t\t\t\t\t\t\t\tWelches Ziel verfolgt Nouba?\t\t\t\t\t\t\t\t\t\t\t<\/span>\n\n\t\t\t\t\t\t\t\t\t\t\t\n\t\t\t\t\t\t\t\t\t\t\t<span class=\"gem-tta-controls-icon gem-tta-controls-icon-opened\">\n\t\t\t\t\t\t\t\t\t\t\t\t<i aria-hidden=\"true\" class=\"fas fa-minus\"><\/i>\t\t\t\t\t\t\t\t\t\t\t<\/span>\n\t\t\t\t\t\t\t\t\t\t\t<span class=\"gem-tta-controls-icon gem-tta-controls-icon-closed\">\n\t\t\t\t\t\t\t\t\t\t\t\t<i aria-hidden=\"true\" class=\"fas fa-plus\"><\/i>\t\t\t\t\t\t\t\t\t\t\t<\/span>\n\t\t\t\t\t\t\t\t\t\t<\/a>\n\t\t\t\t\t\t\t\t\t<\/h4>\n\t\t\t\t\t\t\t\t<\/div>\n\t\t\t\t\t\t\t\t<div class=\"gem-tta-panel-body\">\n\t\t\t\t\t\t\t\t\t\t\t<div class=\"gem-text-output\"><p><strong>NOUBA<\/strong> ist ein vision\u00e4rer Sch\u00f6pfer mit hohen Anspr\u00fcchen an neue Farbnuancen, mit einzigartigen, \u00fcberraschenden Schattierungen, exklusiven Produkten und innovativen Make up Konzepten, um den \u201eItalian Way of Life\u201c auszudr\u00fccken und um die Sch\u00f6nheit jeder Frau<br \/>zu unterstreichen. Nouba\u2018s Ziel ist es, immer etwas Neues, noch nie da Gewesenes zu kreieren.<\/p><\/div>\t\t\t\t\t\t\t\t\t\t<\/div>\n\t\t\t\t\t\t\t\t\t<\/div>\n\t\t\t\t\t\t\n\t\t\t\t\t\t\t<div id=\"section-e938285-3\" class=\"gem-tta-panel \" data-vc-content=\".gem-tta-panel-body\">\n\t\t\t\t\t\t\t\t<div class=\"gem-tta-panel-heading\">\n\t\t\t\t\t\t\t\t\t<h4 class=\"gem-tta-panel-title gem-tta-controls-icon-position-left\">\n\t\t\t\t\t\t\t\t\t\t<a href=\"#section-e938285-3\" data-vc-accordion data-vc-container=\".gem-tta-container\">\n\n\t\t\t\t\t\t\t\t\t\t\t\t\t\t\t\t\t\t\t\t\t\t\t<span class=\"gem-tta-icon gem-tta-icon-left\">\n\t\t\t\t\t\t\t\t\t\t\t\t    <i aria-hidden=\"true\" class=\"fas fa-heart\"><\/i>\t\t\t\t\t\t\t\t\t\t\t\t<\/span>\n\t\t\t\t\t\t\t\t\t\t\t\n\t\t\t\t\t\t\t\t\t\t\t<span class=\"gem-tta-title-text\">\n\t\t\t\t\t\t\t\t\t\t\t\tWarum ist Nouba anders?\t\t\t\t\t\t\t\t\t\t\t<\/span>\n\n\t\t\t\t\t\t\t\t\t\t\t\n\t\t\t\t\t\t\t\t\t\t\t<span class=\"gem-tta-controls-icon gem-tta-controls-icon-opened\">\n\t\t\t\t\t\t\t\t\t\t\t\t<i aria-hidden=\"true\" class=\"fas fa-minus\"><\/i>\t\t\t\t\t\t\t\t\t\t\t<\/span>\n\t\t\t\t\t\t\t\t\t\t\t<span class=\"gem-tta-controls-icon gem-tta-controls-icon-closed\">\n\t\t\t\t\t\t\t\t\t\t\t\t<i aria-hidden=\"true\" class=\"fas fa-plus\"><\/i>\t\t\t\t\t\t\t\t\t\t\t<\/span>\n\t\t\t\t\t\t\t\t\t\t<\/a>\n\t\t\t\t\t\t\t\t\t<\/h4>\n\t\t\t\t\t\t\t\t<\/div>\n\t\t\t\t\t\t\t\t<div class=\"gem-tta-panel-body\">\n\t\t\t\t\t\t\t\t\t\t\t<div class=\"gem-text-output\"><p><strong>Nouba<\/strong> bietet<br \/>\u2022 hochprofessionelle Produkte, die sehr lange auf der Haut \u201chalten\u201d<br \/>\u2022 gro\u00dfe Auswahl an Farben, bis hin zu sehr ausgefallenen Farben, dank der Nouba-eigenen Farbauswahl und \u2013Entwicklung!<br \/>\u2022 sehr gute Vertr\u00e4glichkeit dank bester und hochwertigster Inhaltsstoffe<br \/>\u2022 f\u00fcr Kunden sehr einfach anzuwenden, sowohl mit den Fingerspitzen als auch mit Pinsel und Applikatoren<br \/>\u2022 Italian Style!<\/p><\/div>\t\t\t\t\t\t\t\t\t\t<\/div>\n\t\t\t\t\t\t\t\t\t<\/div>\n\t\t\t\t\t\t\n\t\t\t\t\t\t\t<div id=\"section-e938285-4\" class=\"gem-tta-panel \" data-vc-content=\".gem-tta-panel-body\">\n\t\t\t\t\t\t\t\t<div class=\"gem-tta-panel-heading\">\n\t\t\t\t\t\t\t\t\t<h4 class=\"gem-tta-panel-title gem-tta-controls-icon-position-left\">\n\t\t\t\t\t\t\t\t\t\t<a href=\"#section-e938285-4\" data-vc-accordion data-vc-container=\".gem-tta-container\">\n\n\t\t\t\t\t\t\t\t\t\t\t\t\t\t\t\t\t\t\t\t\t\t\t<span class=\"gem-tta-icon gem-tta-icon-left\">\n\t\t\t\t\t\t\t\t\t\t\t\t    <i aria-hidden=\"true\" class=\"fas fa-heart\"><\/i>\t\t\t\t\t\t\t\t\t\t\t\t<\/span>\n\t\t\t\t\t\t\t\t\t\t\t\n\t\t\t\t\t\t\t\t\t\t\t<span class=\"gem-tta-title-text\">\n\t\t\t\t\t\t\t\t\t\t\t\tInhaltstoffe\t\t\t\t\t\t\t\t\t\t\t<\/span>\n\n\t\t\t\t\t\t\t\t\t\t\t\n\t\t\t\t\t\t\t\t\t\t\t<span class=\"gem-tta-controls-icon gem-tta-controls-icon-opened\">\n\t\t\t\t\t\t\t\t\t\t\t\t<i aria-hidden=\"true\" class=\"fas fa-minus\"><\/i>\t\t\t\t\t\t\t\t\t\t\t<\/span>\n\t\t\t\t\t\t\t\t\t\t\t<span class=\"gem-tta-controls-icon gem-tta-controls-icon-closed\">\n\t\t\t\t\t\t\t\t\t\t\t\t<i aria-hidden=\"true\" class=\"fas fa-plus\"><\/i>\t\t\t\t\t\t\t\t\t\t\t<\/span>\n\t\t\t\t\t\t\t\t\t\t<\/a>\n\t\t\t\t\t\t\t\t\t<\/h4>\n\t\t\t\t\t\t\t\t<\/div>\n\t\t\t\t\t\t\t\t<div class=\"gem-tta-panel-body\">\n\t\t\t\t\t\t\t\t\t\t\t<div class=\"gem-text-output\"><p>\u2022 deckend, dabei aber ultrafein und seidig<br \/>\u2022 auch von Nicht-Profis sehr leicht und gleichm\u00e4\u00dfig zu schminken<br \/>\u2022 die meisten Texturen sind GEBACKEN &#8211; nicht gepresst!<\/p><\/div>\t\t\t\t\t\t\t\t\t\t<\/div>\n\t\t\t\t\t\t\t\t\t<\/div>\n\t\t\t\t\t\t\n\t\t\t\t\t\t\t\t\t\t\t<\/div>\n\t\t\t\t<\/div>\n\t\t\t<\/div>\n\t\t<\/div>\n\n\t\t\t\t\t\t<\/div>\n\t\t\t\t<\/div>\n\t\t\t\t\t<\/div>\n\t\t<\/div>\n\t\t\t\t<div class=\"elementor-column elementor-col-33 elementor-top-column elementor-element elementor-element-83aa45e\" data-id=\"83aa45e\" data-element_type=\"column\">\n\t\t\t<div class=\"elementor-widget-wrap elementor-element-populated\">\n\t\t\t\t\t\t<div class=\"elementor-element elementor-element-8858a08 flex-horizontal-align-default flex-horizontal-align-tablet-default flex-horizontal-align-mobile-default flex-vertical-align-default flex-vertical-align-tablet-default flex-vertical-align-mobile-default elementor-widget elementor-widget-image\" data-id=\"8858a08\" data-element_type=\"widget\" data-widget_type=\"image.default\">\n\t\t\t\t<div class=\"elementor-widget-container\">\n\t\t\t\t\t\t\t\t\t\t\t\t\t\t\t<img width=\"570\" height=\"826\" src=\"https:\/\/www.bianca-vrabec.at\/cms\/wp-content\/uploads\/2022\/03\/pic_1.jpg\" class=\"attachment-large size-large wp-image-2986\" alt=\"Nouba Bild\" srcset=\"https:\/\/www.bianca-vrabec.at\/cms\/wp-content\/uploads\/2022\/03\/pic_1.jpg 570w, https:\/\/www.bianca-vrabec.at\/cms\/wp-content\/uploads\/2022\/03\/pic_1-207x300.jpg 207w\" sizes=\"(max-width: 570px) 100vw, 570px\" \/>\t\t\t\t\t\t\t\t\t\t\t\t\t\t\t<\/div>\n\t\t\t\t<\/div>\n\t\t\t\t\t<\/div>\n\t\t<\/div>\n\t\t\t\t\t<\/div><\/div>\r\n\t\t<\/section>\r\n\t\t\t\t<section class=\"elementor-section elementor-top-section elementor-element elementor-element-0f2f9ef elementor-section-boxed elementor-section-height-default elementor-section-height-default\" data-id=\"0f2f9ef\" data-element_type=\"section\">\r\n\t\t\t\t\t\t<div class=\"elementor-container elementor-column-gap-thegem\"><div class=\"elementor-row\">\r\n\t\t\t\t\t<div class=\"elementor-column elementor-col-50 elementor-top-column elementor-element elementor-element-f6e7e26\" data-id=\"f6e7e26\" data-element_type=\"column\">\n\t\t\t<div class=\"elementor-widget-wrap elementor-element-populated\">\n\t\t\t\t\t\t<div class=\"elementor-element elementor-element-01536dc flex-horizontal-align-default flex-horizontal-align-tablet-default flex-horizontal-align-mobile-default flex-vertical-align-default flex-vertical-align-tablet-default flex-vertical-align-mobile-default elementor-widget elementor-widget-video\" data-id=\"01536dc\" data-element_type=\"widget\" data-settings=\"{&quot;video_type&quot;:&quot;hosted&quot;,&quot;controls&quot;:&quot;yes&quot;}\" data-widget_type=\"video.default\">\n\t\t\t\t<div class=\"elementor-widget-container\">\n\t\t\t\t\t\t\t<div class=\"e-hosted-video elementor-wrapper elementor-open-inline\">\n\t\t\t\t\t<video class=\"elementor-video\" src=\"https:\/\/www.bianca-vrabec.at\/cms\/wp-content\/uploads\/2022\/03\/happe-me-tutorial-1174.mp4\" controls=\"\" preload=\"metadata\" controlsList=\"nodownload\"><\/video>\n\t\t\t\t<\/div>\n\t\t\t\t\t\t<\/div>\n\t\t\t\t<\/div>\n\t\t\t\t\t<\/div>\n\t\t<\/div>\n\t\t\t\t<div class=\"elementor-column elementor-col-50 elementor-top-column elementor-element elementor-element-6a7fa12\" data-id=\"6a7fa12\" data-element_type=\"column\">\n\t\t\t<div class=\"elementor-widget-wrap elementor-element-populated\">\n\t\t\t\t\t\t<div class=\"elementor-element elementor-element-69e2208 flex-horizontal-align-default flex-horizontal-align-tablet-default flex-horizontal-align-mobile-default flex-vertical-align-default flex-vertical-align-tablet-default flex-vertical-align-mobile-default elementor-widget elementor-widget-video\" data-id=\"69e2208\" data-element_type=\"widget\" data-settings=\"{&quot;video_type&quot;:&quot;hosted&quot;,&quot;controls&quot;:&quot;yes&quot;}\" data-widget_type=\"video.default\">\n\t\t\t\t<div class=\"elementor-widget-container\">\n\t\t\t\t\t\t\t<div class=\"e-hosted-video elementor-wrapper elementor-open-inline\">\n\t\t\t\t\t<video class=\"elementor-video\" src=\"https:\/\/www.bianca-vrabec.at\/cms\/wp-content\/uploads\/2022\/03\/nouba-2-video-1108.mp4\" controls=\"\" preload=\"metadata\" controlsList=\"nodownload\"><\/video>\n\t\t\t\t<\/div>\n\t\t\t\t\t\t<\/div>\n\t\t\t\t<\/div>\n\t\t\t\t\t<\/div>\n\t\t<\/div>\n\t\t\t\t\t<\/div><\/div>\r\n\t\t<\/section>\r\n\t\t\t\t<section class=\"elementor-section elementor-top-section elementor-element elementor-element-6837efd elementor-section-boxed elementor-section-height-default elementor-section-height-default\" data-id=\"6837efd\" data-element_type=\"section\" data-settings=\"{&quot;background_background&quot;:&quot;classic&quot;}\">\r\n\t\t\t\t\t\t<div class=\"elementor-container elementor-column-gap-thegem\"><div class=\"elementor-row\">\r\n\t\t\t\t\t<div class=\"elementor-column elementor-col-50 elementor-top-column elementor-element elementor-element-05bfb2a\" data-id=\"05bfb2a\" data-element_type=\"column\">\n\t\t\t<div class=\"elementor-widget-wrap elementor-element-populated\">\n\t\t\t\t\t\t<div class=\"elementor-element elementor-element-d4d2eae flex-horizontal-align-default flex-horizontal-align-tablet-default flex-horizontal-align-mobile-default flex-vertical-align-default flex-vertical-align-tablet-default flex-vertical-align-mobile-default elementor-widget elementor-widget-thegem-styled-textbox\" data-id=\"d4d2eae\" data-element_type=\"widget\" data-settings=\"{&quot;thegem_elementor_preset&quot;:&quot;basic&quot;}\" data-widget_type=\"thegem-styled-textbox.default\">\n\t\t\t\t<div class=\"elementor-widget-container\">\n\t\t\t\t\t\n<div class=\"gem-textbox styled-textbox-basic\">\n\n\t\n\t\t<div class=\"gem-textbox-top gem-textbox-top-none default-fill\">\n\t\t\t\t\t<\/div>\n\t\n\t<div class=\"gem-textbox-inner\">\n\n\t\t<div class=\"gem-textbox-content default-background icon-top centered-box button-bottom gem-textbox-icon-image-wrapping-none\">\n\n\t\t\t\t\t\t\t<div class=\"gem-texbox-icon-image-wrapper\">\n\n\t\t\t\t\t\t\t\t\t\t\t<div class=\"icon-top \">\n\t\t\t\t\t\t\t<div class=\"gem-textbox-icon\">\n\t\t\t\t\t\t\t\t<div class=\"elementor-icon\">\n\t\t\t\t\t\t\t\t\t\t\t\t\t\t\t\t\t<\/div>\n\t\t\t\t\t\t\t<\/div>\n\t\t\t\t\t\t<\/div>\n\t\t\t\t\t\n\t\t\t\t\t\n\t\t\t\t<\/div>\n\t\t\t\n\t\t\t<div class=\"gem-texbox-text-wrapper\">\n\n\t\t\t\t\t\t\t\t\t\n\t\t\t\t\t\t<h4 class=\"gem-textbox-title title-h4 bold\">\n\t\t\t\t\t\t\tDownload\t\t\t\t\t\t<\/h4>\n\n\t\t\t\t\t\n\t\t\t\t\t\n\t\t\t\t\t\t<div class=\"gem-textbox-description gem-text-output\">\n\t\t\t\t\t\t\t<p>F\u00fcr n\u00e4here Infos einfach das Nouba Product Know-How PDF downloaden.<\/p>\t\t\t\t\t\t<\/div>\n\n\t\t\t\t\t\n\t\t\t\t\n\t\t\t\t\t\t\t\t\t\t\t\t\t\t<div class=\"gem-button-container gem-widget-button\">\n\t\t\t\t\t\t\t\t\t\t\t\t<a class=\"gem-button gem-button-size-small gem-button-text-weight-bold gem-button-style-flat\" target=\"_blank\" href=\"https:\/\/www.bianca-vrabec.at\/cms\/wp-content\/uploads\/2022\/03\/nouba-produkt-know-h-679.pdf\">\n\t\t\t\t\t\t\t<span class=\"gem-inner-wrapper-btn\">\n\t\t\t\t\t\t\t\t\t\t\t\t\t\t\t\t\t<span class=\"gem-button-icon\">\n\t\t\t\t\t\t\t\t\t\t<i aria-hidden=\"true\" class=\"gem-mdi mdi-download\"><\/i>\t\t\t\t\t\t\t\t\t<\/span>\n\t\t\t\t\t\t\t\t\t\t\t\t\t\t\t\t<span class=\"gem-text-button\">\n\t\t\t\t\t\t\t\t\tDownloaden\t\t\t\t\t\t\t\t<\/span>\n\t\t\t\t\t\t\t<\/span>\n\t\t\t\t\t\t<\/a>\n\t\t\t\t\t<\/div>\n\t\t\t\t\n\t\t\t<\/div>\n\n\t\t<\/div>\n\n\t<\/div>\n\n\t\n\t\t<div class=\"gem-textbox-bottom gem-textbox-bottom-none default-fill\">\n\t\t\t\t<\/div>\n\t\n\t\n<\/div>\n\t\t\t\t<\/div>\n\t\t\t\t<\/div>\n\t\t\t\t\t<\/div>\n\t\t<\/div>\n\t\t\t\t<div class=\"elementor-column elementor-col-50 elementor-top-column elementor-element elementor-element-b71d674\" data-id=\"b71d674\" data-element_type=\"column\">\n\t\t\t<div class=\"elementor-widget-wrap elementor-element-populated\">\n\t\t\t\t\t\t<div class=\"elementor-element elementor-element-5260805 flex-horizontal-align-default flex-horizontal-align-tablet-default flex-horizontal-align-mobile-default flex-vertical-align-default flex-vertical-align-tablet-default flex-vertical-align-mobile-default elementor-widget elementor-widget-thegem-styled-textbox\" data-id=\"5260805\" data-element_type=\"widget\" data-settings=\"{&quot;thegem_elementor_preset&quot;:&quot;basic&quot;}\" data-widget_type=\"thegem-styled-textbox.default\">\n\t\t\t\t<div class=\"elementor-widget-container\">\n\t\t\t\t\t\n<div class=\"gem-textbox styled-textbox-basic\">\n\n\t\n\t\t<div class=\"gem-textbox-top gem-textbox-top-none default-fill\">\n\t\t\t\t\t<\/div>\n\t\n\t<div class=\"gem-textbox-inner\">\n\n\t\t<div class=\"gem-textbox-content default-background icon-top centered-box button-bottom gem-textbox-icon-image-wrapping-none\">\n\n\t\t\t\t\t\t\t<div class=\"gem-texbox-icon-image-wrapper\">\n\n\t\t\t\t\t\t\t\t\t\t\t<div class=\"icon-top \">\n\t\t\t\t\t\t\t<div class=\"gem-textbox-icon\">\n\t\t\t\t\t\t\t\t<div class=\"elementor-icon\">\n\t\t\t\t\t\t\t\t\t\t\t\t\t\t\t\t\t<\/div>\n\t\t\t\t\t\t\t<\/div>\n\t\t\t\t\t\t<\/div>\n\t\t\t\t\t\n\t\t\t\t\t\n\t\t\t\t<\/div>\n\t\t\t\n\t\t\t<div class=\"gem-texbox-text-wrapper\">\n\n\t\t\t\t\t\t\t\t\t\n\t\t\t\t\t\t<h4 class=\"gem-textbox-title title-h4 bold\">\n\t\t\t\t\t\t\tDownload\t\t\t\t\t\t<\/h4>\n\n\t\t\t\t\t\n\t\t\t\t\t\n\t\t\t\t\t\t<div class=\"gem-textbox-description gem-text-output\">\n\t\t\t\t\t\t\t<p>F\u00fcr n\u00e4here Infos einfach das Nouba Product Know-How PDF downloaden.<\/p>\t\t\t\t\t\t<\/div>\n\n\t\t\t\t\t\n\t\t\t\t\n\t\t\t\t\t\t\t\t\t\t\t\t\t\t<div class=\"gem-button-container gem-widget-button\">\n\t\t\t\t\t\t\t\t\t\t\t\t<a class=\"gem-button gem-button-size-small gem-button-text-weight-bold gem-button-style-flat\" target=\"_blank\" href=\"https:\/\/www.bianca-vrabec.at\/cms\/wp-content\/uploads\/2022\/03\/nouba-produkt-know-h-1176.pdf\">\n\t\t\t\t\t\t\t<span class=\"gem-inner-wrapper-btn\">\n\t\t\t\t\t\t\t\t\t\t\t\t\t\t\t\t\t<span class=\"gem-button-icon\">\n\t\t\t\t\t\t\t\t\t\t<i aria-hidden=\"true\" class=\"gem-mdi mdi-download\"><\/i>\t\t\t\t\t\t\t\t\t<\/span>\n\t\t\t\t\t\t\t\t\t\t\t\t\t\t\t\t<span class=\"gem-text-button\">\n\t\t\t\t\t\t\t\t\tDownloaden\t\t\t\t\t\t\t\t<\/span>\n\t\t\t\t\t\t\t<\/span>\n\t\t\t\t\t\t<\/a>\n\t\t\t\t\t<\/div>\n\t\t\t\t\n\t\t\t<\/div>\n\n\t\t<\/div>\n\n\t<\/div>\n\n\t\n\t\t<div class=\"gem-textbox-bottom gem-textbox-bottom-none default-fill\">\n\t\t\t\t<\/div>\n\t\n\t\n<\/div>\n\t\t\t\t<\/div>\n\t\t\t\t<\/div>\n\t\t\t\t\t<\/div>\n\t\t<\/div>\n\t\t\t\t\t<\/div><\/div>\r\n\t\t<\/section>\r\n\t\t\t\t<\/div>\n\t\t","protected":false},"excerpt":{"rendered":"<p>Ich arbeite mit der italienischen Kosmetik-Marke &#8222;Nouba&#8220; zusammen welche sich mit einer besonders hohen Vertr\u00e4glichkeit auszeichnet und \u00fcber wertvolle Inhaltsstoffe&#8230;<\/p>\n","protected":false},"author":1,"featured_media":0,"parent":0,"menu_order":0,"comment_status":"closed","ping_status":"closed","template":"page-fullwidth.php","meta":{"footnotes":""},"class_list":["post-2875","page","type-page","status-publish"],"_links":{"self":[{"href":"https:\/\/www.bianca-vrabec.at\/cms\/wp-json\/wp\/v2\/pages\/2875","targetHints":{"allow":["GET"]}}],"collection":[{"href":"https:\/\/www.bianca-vrabec.at\/cms\/wp-json\/wp\/v2\/pages"}],"about":[{"href":"https:\/\/www.bianca-vrabec.at\/cms\/wp-json\/wp\/v2\/types\/page"}],"author":[{"embeddable":true,"href":"https:\/\/www.bianca-vrabec.at\/cms\/wp-json\/wp\/v2\/users\/1"}],"replies":[{"embeddable":true,"href":"https:\/\/www.bianca-vrabec.at\/cms\/wp-json\/wp\/v2\/comments?post=2875"}],"version-history":[{"count":44,"href":"https:\/\/www.bianca-vrabec.at\/cms\/wp-json\/wp\/v2\/pages\/2875\/revisions"}],"predecessor-version":[{"id":3211,"href":"https:\/\/www.bianca-vrabec.at\/cms\/wp-json\/wp\/v2\/pages\/2875\/revisions\/3211"}],"wp:attachment":[{"href":"https:\/\/www.bianca-vrabec.at\/cms\/wp-json\/wp\/v2\/media?parent=2875"}],"curies":[{"name":"wp","href":"https:\/\/api.w.org\/{rel}","templated":true}]}}